{"id":98,"date":"2021-04-20T08:05:53","date_gmt":"2021-04-20T08:05:53","guid":{"rendered":"https:\/\/mestrija.simpledev.live?page_id=98"},"modified":"2025-09-29T08:32:17","modified_gmt":"2025-09-29T08:32:17","slug":"home-page-01","status":"publish","type":"page","link":"https:\/\/mestrija.simpledev.live\/","title":{"rendered":"Home Page 01"},"content":{"rendered":"\t\t<div data-elementor-type=\"wp-page\" data-elementor-id=\"98\" class=\"elementor elementor-98\">\n\t\t\t\t\t\t<section class=\"elementor-section elementor-top-section elementor-element elementor-element-b264a35 elementor-section-full_width elementor-section-height-default elementor-section-height-default\" data-id=\"b264a35\" data-element_type=\"section\">\n\t\t\t\t\t\t<div class=\"elementor-container elementor-column-gap-no\">\n\t\t\t\t\t<div class=\"elementor-column elementor-col-100 elementor-top-column elementor-element elementor-element-25547a5\" data-id=\"25547a5\" data-element_type=\"column\">\n\t\t\t<div class=\"elementor-widget-wrap elementor-element-populated\">\n\t\t\t\t\t\t<div class=\"elementor-element elementor-element-7ba0367 elementor-widget elementor-widget-welbim_banner\" data-id=\"7ba0367\" data-element_type=\"widget\" data-widget_type=\"welbim_banner.default\">\n\t\t\t\t<div class=\"elementor-widget-container\">\n\t\t\t\t\t\t\t\t<section class=\"banner-section\">\r\n\t\t\t\t<div class=\"swiper-container banner-slider\">\r\n\t\t\t\t\t<div class=\"swiper-wrapper\">\r\n\t\t\t\t\t\t<!-- Slide Item -->\r\n\t\t\t\t\t\t\t\t\t\t\t\t\t<div class=\"swiper-slide\" style=\"background-image: url(https:\/\/mestrija.simpledev.live\/wp-content\/uploads\/2021\/04\/image-1.jpg);\">\r\n\t\t\t\t\t\t\t\t<div class=\"content-outer\">\r\n\t\t\t\t\t\t\t\t\t<div class=\"content-box\">\r\n\t\t\t\t\t\t\t\t\t\t<div class=\"inner text-center\">\r\n\t\t\t\t\t\t\t\t\t\t\t<h1>Me\u0161tija Krk <br> Zavarivanje &amp; projektiranje.<\/h1>\r\n\t\t\t\t\t\t\t\t\t\t\t<div class=\"link-box\">\r\n\t\t\t\t\t\t\t\t\t\t\t\t<a href=\"https:\/\/mestrija.simpledev.live\/?page_id=39\"   class=\"theme-btn btn-style-one\"><span>Saznajte vi\u0161e<\/span><\/a>\r\n\t\t\t\t\t\t\t\t\t\t\t<\/div>\r\n\t\t\t\t\t\t\t\t\t\t<\/div>\r\n\t\t\t\t\t\t\t\t\t<\/div>\r\n\t\t\t\t\t\t\t\t<\/div>\r\n\t\t\t\t\t\t\t<\/div>\r\n\t\t\t\t\t\t\t\t\t\t\t\t\t<div class=\"swiper-slide\" style=\"background-image: url(https:\/\/mestrija.simpledev.live\/wp-content\/uploads\/2021\/04\/image-2.jpg);\">\r\n\t\t\t\t\t\t\t\t<div class=\"content-outer\">\r\n\t\t\t\t\t\t\t\t\t<div class=\"content-box\">\r\n\t\t\t\t\t\t\t\t\t\t<div class=\"inner text-center\">\r\n\t\t\t\t\t\t\t\t\t\t\t<h1>Me\u0161trija Krk <br> INOX, aluminij &amp; \u017eeljezo<\/h1>\r\n\t\t\t\t\t\t\t\t\t\t\t<div class=\"link-box\">\r\n\t\t\t\t\t\t\t\t\t\t\t\t<a href=\"https:\/\/mestrija.simpledev.live\/?page_id=39\"   class=\"theme-btn btn-style-one\"><span>Saznajte vi\u0161e<\/span><\/a>\r\n\t\t\t\t\t\t\t\t\t\t\t<\/div>\r\n\t\t\t\t\t\t\t\t\t\t<\/div>\r\n\t\t\t\t\t\t\t\t\t<\/div>\r\n\t\t\t\t\t\t\t\t<\/div>\r\n\t\t\t\t\t\t\t<\/div>\r\n\t\t\t\t\t\t\t\t\t\t\t\t<!-- Slide Item -->\r\n\t\t\t\t\t<\/div>\r\n\t\t\t\t<\/div>\r\n\t\t\t\t<div class=\"banner-slider-nav\">\r\n\t\t\t\t\t<div class=\"banner-slider-control banner-slider-button-prev\"><span><i class=\"flaticon-left-arrow\"><\/i><\/span><\/div>\r\n\t\t\t\t\t<div class=\"banner-slider-control banner-slider-button-next\"><span><i class=\"flaticon-left-arrow\"><\/i><\/span> <\/div>\r\n\t\t\t\t<\/div>\r\n\t\t\t<\/section>\r\n\t\t\t\t\t\t<\/div>\n\t\t\t\t<\/div>\n\t\t\t\t\t<\/div>\n\t\t<\/div>\n\t\t\t\t\t<\/div>\n\t\t<\/section>\n\t\t\t\t<section class=\"elementor-section elementor-top-section elementor-element elementor-element-37fbd7c elementor-section-full_width elementor-section-height-default elementor-section-height-default\" data-id=\"37fbd7c\" data-element_type=\"section\">\n\t\t\t\t\t\t<div class=\"elementor-container elementor-column-gap-no\">\n\t\t\t\t\t<div class=\"elementor-column elementor-col-100 elementor-top-column elementor-element elementor-element-109a4ff\" data-id=\"109a4ff\" data-element_type=\"column\">\n\t\t\t<div class=\"elementor-widget-wrap elementor-element-populated\">\n\t\t\t\t\t\t<div class=\"elementor-element elementor-element-56148ce elementor-widget elementor-widget-welcome_section\" data-id=\"56148ce\" data-element_type=\"widget\" data-widget_type=\"welcome_section.default\">\n\t\t\t\t<div class=\"elementor-widget-container\">\n\t\t\t\t\t\t\t\t<section class=\"welcome-section\">\r\n\t\t\t\t<div class=\"background-image\">\r\n\t\t\t\t\t<img fetchpriority=\"high\" decoding=\"async\" width=\"482\" height=\"530\" src=\"https:\/\/mestrija.simpledev.live\/wp-content\/uploads\/2021\/04\/image-3.jpg\" class=\"attachment-full size-full\" alt=\"\" \/>\t\t\t\t<\/div>\r\n\t\t\t\t<div class=\"auto-container\">\r\n\t\t\t\t\t<div class=\"row\">\r\n\t\t\t\t\t\t<div class=\"col-lg-6\">\r\n\t\t\t\t\t\t\t<div class=\"image-wrapper\">\r\n\t\t\t\t\t\t\t\t<div class=\"image-one \">\r\n\t\t\t\t\t\t\t\t\t<img decoding=\"async\" width=\"300\" height=\"450\" src=\"https:\/\/mestrija.simpledev.live\/wp-content\/uploads\/2025\/09\/tehnologije.jpg\" class=\"attachment-full size-full\" alt=\"\" \/>\t\t\t\t\t\t\t\t<\/div>\r\n\t\t\t\t\t\t\t\t<div class=\"image-two\" data-parallax='{\"y\": 100}'>\r\n\t\t\t\t\t\t\t\t\t<img decoding=\"async\" width=\"450\" height=\"337\" src=\"https:\/\/mestrija.simpledev.live\/wp-content\/uploads\/2025\/09\/instrukcije-grafika-2-tehnicko-crtanje-fax-srednje-skole-slika-3504156.jpg\" class=\"attachment-full size-full\" alt=\"\" \/>\t\t\t\t\t\t\t\t<\/div>\r\n\t\t\t\t\t\t\t<\/div>\r\n\t\t\t\t\t\t<\/div>\r\n\t\t\t\t\t\t<div class=\"col-lg-6\">\r\n\t\t\t\t\t\t\t<div class=\"content-side\">\r\n\t\t\t\t\t\t\t\t<div class=\"sec-title mb-10\">\r\n\t\t\t\t\t\t\t\t\t<div class=\"sub-title\">Bravarski obrt<\/div>\r\n\t\t\t\t\t\t\t\t\t<h2>Me\u0161trija - Krk<\/h2>\r\n\t\t\t\t\t\t\t\t<\/div>\r\n\t\t\t\t\t\t\t\t<div class=\"text \">Me\u0161trija \u2013 krk bravarski je obrt osnovan 1995.godine na otoku krku.\nObrt jo\u0161 i dan danas napreduje sa istim ciljem i idejom u vlasni\u0161tvu  vedrana hr\u017ei\u0107a.\nUpornim radom, kvalitetom obrade, brzinom izrade, visokom precizno\u0161\u0107u i urednosti  na\u0161eg mladog stru\u010dnog tima bez kojeg nebi bilo uspjeha danas mo\u017eemo ponuditi vrhunsku kvalitetu usluge na koju se na\u0161i kupci-naru\u010dioci mogu osloniti. Raspola\u017eemo sa 300 m2 \u0161to skladi\u0161nog \u0161to radnog prostora, modernijim strojevima i alatom i malim voznim parkom  u industrijskoj zoni grada krka.\nSpecijalizirali smo se za izradu konstrukcija:<\/div>\r\n\t\t\t\t\t\t\t\t<div class=\"row\">\r\n\t\t\t\t\t\t\t\t\t<div class=\"col-md-6\">\r\n\t\t\t\t\t\t\t\t\t\t<ul class=\"list \">\r\n\t\t\t\t\t\t\t\t\t\t\t\t\t\t\t\t\t\t\t\t\t\t\t<li>Ograde<\/li>\r\n\t\t\t\t\t\t\t\t\t\t\t\t\t\t\t\t\t\t\t\t\t\t\t<li>Stepenice<\/li>\r\n\t\t\t\t\t\t\t\t\t\t\t\t\t\t\t\t\t\t\t\t\t\t\t<li>Rukohvati<\/li>\r\n\t\t\t\t\t\t\t\t\t\t\t\t\t\t\t\t\t\t\t\t\t\t\t<li> Vrata (\u0161iber-krilna)<\/li>\r\n\t\t\t\t\t\t\t\t\t\t\t\t\t\t\t\t\t\t\t\t\t\t\t<li>Poklopaca \u0161ahti \/ re\u0161etaka<\/li>\r\n\t\t\t\t\t\t\t\t\t\t\t\t\t\t\t\t\t\t\t\t\t\t\t<li>Pergola-barasa<\/li>\r\n\t\t\t\t\t\t\t\t\t\t\t\t\t\t\t\t\t\t\t\t\t\t\t<li>Opreme za brodice-glisere<\/li>\r\n\t\t\t\t\t\t\t\t\t\t\t\t\t\t\t\t\t\t\t\t\t<\/ul>\r\n\t\t\t\t\t\t\t\t\t<\/div>\r\n\t\t\t\t\t\t\t\t\t<div class=\"col-md-6\">\r\n\t\t\t\t\t\t\t\t\t\t\t\t\t\t\t\t\t\t\t\t\t<div class=\"icon-box \">\r\n\t\t\t\t\t\t\t\t\t\t\t\t<div class=\"icon\"><\/div>\r\n\t\t\t\t\t\t\t\t\t\t\t\t<h4>Inox konstrucije<\/h4>\r\n\t\t\t\t\t\t\t\t\t\t\t<\/div>\r\n\t\t\t\t\t\t\t\t\t\t\t\t\t\t\t\t\t\t\t\t\t<div class=\"icon-box \">\r\n\t\t\t\t\t\t\t\t\t\t\t\t<div class=\"icon\"><\/div>\r\n\t\t\t\t\t\t\t\t\t\t\t\t<h4>\u017deljezne konstrukcije<\/h4>\r\n\t\t\t\t\t\t\t\t\t\t\t<\/div>\r\n\t\t\t\t\t\t\t\t\t\t\t\t\t\t\t\t\t\t\t\t\t<div class=\"icon-box \">\r\n\t\t\t\t\t\t\t\t\t\t\t\t<div class=\"icon\"><\/div>\r\n\t\t\t\t\t\t\t\t\t\t\t\t<h4>Varanje Aluminija<\/h4>\r\n\t\t\t\t\t\t\t\t\t\t\t<\/div>\r\n\t\t\t\t\t\t\t\t\t\t\t\t\t\t\t\t\t\t\t<\/div>\r\n\t\t\t\t\t\t\t\t<\/div>\r\n\t\t\t\t\t\t\t\t<div class=\"note\">KONTAKTIRAJTE NAS <br>  +385 51 220 109<\/div>\r\n\t\t\t\t\t\t\t<\/div>\r\n\t\t\t\t\t\t<\/div>\r\n\t\t\t\t\t<\/div>\r\n\t\t\t\t<\/div>\r\n\t\t\t<\/section>\r\n\t\t\t\t\t\t<\/div>\n\t\t\t\t<\/div>\n\t\t\t\t\t<\/div>\n\t\t<\/div>\n\t\t\t\t\t<\/div>\n\t\t<\/section>\n\t\t\t\t<section class=\"elementor-section elementor-top-section elementor-element elementor-element-cb99cf6 elementor-section-full_width elementor-section-height-default elementor-section-height-default\" data-id=\"cb99cf6\" data-element_type=\"section\">\n\t\t\t\t\t\t<div class=\"elementor-container elementor-column-gap-no\">\n\t\t\t\t\t<div class=\"elementor-column elementor-col-100 elementor-top-column elementor-element elementor-element-fa78ef5\" data-id=\"fa78ef5\" data-element_type=\"column\">\n\t\t\t<div class=\"elementor-widget-wrap elementor-element-populated\">\n\t\t\t\t\t\t<div class=\"elementor-element elementor-element-fbd4f19 elementor-widget elementor-widget-cta\" data-id=\"fbd4f19\" data-element_type=\"widget\" data-widget_type=\"cta.default\">\n\t\t\t\t<div class=\"elementor-widget-container\">\n\t\t\t\t\t\t\t<section class=\"cta-section\">\r\n\t\t\t<div class=\"auto-container\">\r\n\t\t\t\t<div class=\"wrapper-box\">\r\n\t\t\t\t\t<h3>Tra\u017eite kvalitetnog<br> Izvo\u0111a\u010da?<\/h3>\r\n\t\t\t\t\t<div class=\"link \">\r\n\t\t\t\t\t\t<a href=\"https:\/\/mestrija.simpledev.live\/?page_id=4221\"   class=\"theme-btn btn-style-one\"><span>Po\u0161aljite upit<\/span><\/a>\r\n\t\t\t\t\t<\/div>\r\n\t\t\t\t<\/div>\r\n\t\t\t<\/div>\r\n\t\t<\/section>\r\n\t\t\t\t<\/div>\n\t\t\t\t<\/div>\n\t\t\t\t\t<\/div>\n\t\t<\/div>\n\t\t\t\t\t<\/div>\n\t\t<\/section>\n\t\t\t\t<section class=\"elementor-section elementor-top-section elementor-element elementor-element-7929193 elementor-section-full_width elementor-section-height-default elementor-section-height-default\" data-id=\"7929193\" data-element_type=\"section\">\n\t\t\t\t\t\t<div class=\"elementor-container elementor-column-gap-no\">\n\t\t\t\t\t<div class=\"elementor-column elementor-col-100 elementor-top-column elementor-element elementor-element-3917216\" data-id=\"3917216\" data-element_type=\"column\">\n\t\t\t<div class=\"elementor-widget-wrap elementor-element-populated\">\n\t\t\t\t\t\t<div class=\"elementor-element elementor-element-5b06dc8 elementor-widget elementor-widget-our_fun_facts\" data-id=\"5b06dc8\" data-element_type=\"widget\" data-widget_type=\"our_fun_facts.default\">\n\t\t\t\t<div class=\"elementor-widget-container\">\n\t\t\t\t\t\t\t<section class=\"facts-section\" style=\"background-image: url(https:\/\/mestrija.simpledev.live\/wp-content\/uploads\/2021\/04\/bg-3.jpg);\">\r\n\t\t\t<div class=\"auto-container\">\r\n\t\t\t\t<div class=\"row\">\r\n\t\t\t\t\t<div class=\"col-xl-7 offset-xl-5\">\r\n\t\t\t\t\t\t<div class=\"wrapper-box\">\r\n\t\t\t\t\t\t\t<div class=\"sec-title light mb-40\">\r\n\t\t\t\t\t\t\t\t<div class=\"sub-title\">Na\u0161a misija<\/div>\r\n\t\t\t\t\t\t\t\t<h2>Vi Zamislite - <br>mi \u0107emo izraditi<\/h2>\r\n\t\t\t\t\t\t\t<\/div>\r\n\t\t\t\t\t\t\t<div class=\"text\">Na\u0161 je cilj uvijek i\u0107i korak dalje od o\u010dekivanog \u2013 stvaramo inovativna rje\u0161enja prilago\u0111ena svakoj potrebi. Uz pra\u0107enje najnovijih trendova i zahtjeva, kombiniramo tehni\u010dku stru\u010dnost i umjetni\u010dku viziju.<\/div>\r\n\t\t\t\t\t\t\t<div class=\"facts-area\">\r\n\t\t\t\t\t\t\t\t<div class=\"row\">\r\n\t\t\t\t\t\t\t\t\t<!--Column-->\r\n\t\t\t\t\t\t\t\t\t\t\t\t\t\t\t\t\t\t\t<div class=\"column counter-column col-md-4\">\r\n\t\t\t\t\t\t\t\t\t\t\t<div class=\"inner\">\r\n\t\t\t\t\t\t\t\t\t\t\t\t<div class=\"content\">\r\n\t\t\t\t\t\t\t\t\t\t\t\t\t<div class=\"count-outer count-box\">\r\n\t\t\t\t\t\t\t\t\t\t\t\t\t<span><\/span><span class=\"count-text\" data-speed=\"3000\" data-stop=\"30\">0<\/span><span>+<\/span>\r\n\t\t\t\t\t\t\t\t\t\t\t\t\t<\/div>\r\n\t\t\t\t\t\t\t\t\t\t\t\t\t<div class=\"fact-text\">Godina<br> Djelovanja<\/div>\r\n\t\t\t\t\t\t\t\t\t\t\t\t<\/div>\r\n\t\t\t\t\t\t\t\t\t\t\t<\/div>\r\n\t\t\t\t\t\t\t\t\t\t<\/div>\r\n\t\t\t\t\t\t\t\t\t\t\t\t\t\t\t\t\t\t\t<div class=\"column counter-column col-md-4\">\r\n\t\t\t\t\t\t\t\t\t\t\t<div class=\"inner\">\r\n\t\t\t\t\t\t\t\t\t\t\t\t<div class=\"content\">\r\n\t\t\t\t\t\t\t\t\t\t\t\t\t<div class=\"count-outer count-box\">\r\n\t\t\t\t\t\t\t\t\t\t\t\t\t<span><\/span><span class=\"count-text\" data-speed=\"3000\" data-stop=\"300\">0<\/span><span>+<\/span>\r\n\t\t\t\t\t\t\t\t\t\t\t\t\t<\/div>\r\n\t\t\t\t\t\t\t\t\t\t\t\t\t<div class=\"fact-text\">Zadovoljnih <br> Klijenata<\/div>\r\n\t\t\t\t\t\t\t\t\t\t\t\t<\/div>\r\n\t\t\t\t\t\t\t\t\t\t\t<\/div>\r\n\t\t\t\t\t\t\t\t\t\t<\/div>\r\n\t\t\t\t\t\t\t\t\t\t\t\t\t\t\t\t\t\t\t<div class=\"column counter-column col-md-4\">\r\n\t\t\t\t\t\t\t\t\t\t\t<div class=\"inner\">\r\n\t\t\t\t\t\t\t\t\t\t\t\t<div class=\"content\">\r\n\t\t\t\t\t\t\t\t\t\t\t\t\t<div class=\"count-outer count-box\">\r\n\t\t\t\t\t\t\t\t\t\t\t\t\t<span><\/span><span class=\"count-text\" data-speed=\"3000\" data-stop=\"500\">0<\/span><span>+<\/span>\r\n\t\t\t\t\t\t\t\t\t\t\t\t\t<\/div>\r\n\t\t\t\t\t\t\t\t\t\t\t\t\t<div class=\"fact-text\">Odra\u0111enih <br> Projekata<\/div>\r\n\t\t\t\t\t\t\t\t\t\t\t\t<\/div>\r\n\t\t\t\t\t\t\t\t\t\t\t<\/div>\r\n\t\t\t\t\t\t\t\t\t\t<\/div>\r\n\t\t\t\t\t\t\t\t\t\t\t\t\t\t\t\t\t\t<!--Column-->\r\n\t\t\t\t\t\t\t\t<\/div>\r\n\t\t\t\t\t\t\t<\/div>\r\n\t\t\t\t\t\t<\/div>\r\n\t\t\t\t\t<\/div>\r\n\t\t\t\t<\/div>\r\n\t\t\t<\/div>\r\n\t\t<\/section>\r\n\t\t\t\t<\/div>\n\t\t\t\t<\/div>\n\t\t\t\t\t<\/div>\n\t\t<\/div>\n\t\t\t\t\t<\/div>\n\t\t<\/section>\n\t\t\t\t<\/div>\n\t\t","protected":false},"excerpt":{"rendered":"<p>Me\u0161tija Krk Zavarivanje &amp; projektiranje. Saznajte vi\u0161e Me\u0161trija Krk INOX, aluminij &amp; \u017eeljezo Saznajte vi\u0161e Bravarski obrt Me\u0161trija &#8211; Krk Me\u0161trija \u2013 krk bravarski je obrt osnovan 1995.godine na otoku krku. Obrt jo\u0161 i dan danas napreduje sa istim ciljem i idejom u vlasni\u0161tvu vedrana hr\u017ei\u0107a. Upornim radom, kvalitetom obrade, brzinom izrade, visokom precizno\u0161\u0107u i [&hellip;]<\/p>\n","protected":false},"author":1,"featured_media":0,"parent":0,"menu_order":0,"comment_status":"closed","ping_status":"closed","template":"elementor_header_footer","meta":{"footnotes":""},"class_list":["post-98","page","type-page","status-publish","hentry"],"_links":{"self":[{"href":"https:\/\/mestrija.simpledev.live\/index.php?rest_route=\/wp\/v2\/pages\/98","targetHints":{"allow":["GET"]}}],"collection":[{"href":"https:\/\/mestrija.simpledev.live\/index.php?rest_route=\/wp\/v2\/pages"}],"about":[{"href":"https:\/\/mestrija.simpledev.live\/index.php?rest_route=\/wp\/v2\/types\/page"}],"author":[{"embeddable":true,"href":"https:\/\/mestrija.simpledev.live\/index.php?rest_route=\/wp\/v2\/users\/1"}],"replies":[{"embeddable":true,"href":"https:\/\/mestrija.simpledev.live\/index.php?rest_route=%2Fwp%2Fv2%2Fcomments&post=98"}],"version-history":[{"count":36,"href":"https:\/\/mestrija.simpledev.live\/index.php?rest_route=\/wp\/v2\/pages\/98\/revisions"}],"predecessor-version":[{"id":4375,"href":"https:\/\/mestrija.simpledev.live\/index.php?rest_route=\/wp\/v2\/pages\/98\/revisions\/4375"}],"wp:attachment":[{"href":"https:\/\/mestrija.simpledev.live\/index.php?rest_route=%2Fwp%2Fv2%2Fmedia&parent=98"}],"curies":[{"name":"wp","href":"https:\/\/api.w.org\/{rel}","templated":true}]}}