{"id":590,"date":"2021-04-23T04:49:57","date_gmt":"2021-04-23T04:49:57","guid":{"rendered":"https:\/\/mestrija.simpledev.live?page_id=590"},"modified":"2025-09-29T08:29:11","modified_gmt":"2025-09-29T08:29:11","slug":"proizvodi-usluge","status":"publish","type":"page","link":"https:\/\/mestrija.simpledev.live\/?page_id=590","title":{"rendered":"Proizvodi i usluge"},"content":{"rendered":"\t\t<div data-elementor-type=\"wp-page\" data-elementor-id=\"590\" class=\"elementor elementor-590\">\n\t\t\t\t\t\t<section class=\"elementor-section elementor-top-section elementor-element elementor-element-ee3ecb0 elementor-section-full_width elementor-section-height-default elementor-section-height-default\" data-id=\"ee3ecb0\" data-element_type=\"section\">\n\t\t\t\t\t\t<div class=\"elementor-container elementor-column-gap-no\">\n\t\t\t\t\t<div class=\"elementor-column elementor-col-100 elementor-top-column elementor-element elementor-element-8a2533a\" data-id=\"8a2533a\" data-element_type=\"column\">\n\t\t\t<div class=\"elementor-widget-wrap elementor-element-populated\">\n\t\t\t\t\t\t<div class=\"elementor-element elementor-element-0c1630d elementor-widget elementor-widget-welbim_service_content\" data-id=\"0c1630d\" data-element_type=\"widget\" data-widget_type=\"welbim_service_content.default\">\n\t\t\t\t<div class=\"elementor-widget-container\">\n\t\t\t\t\t        <div class=\"content-side\">\r\n            <div class=\"image\">\r\n                <img fetchpriority=\"high\" decoding=\"async\" width=\"450\" height=\"337\" src=\"https:\/\/mestrija.simpledev.live\/wp-content\/uploads\/2025\/09\/instrukcije-grafika-2-tehnicko-crtanje-fax-srednje-skole-slika-3504156.jpg\" class=\"attachment-full size-full\" alt=\"\" \/>            <\/div>\r\n            <h2>PROIZVODI I USLUGE<\/h2>\r\n            <div class=\"text\">\r\n                <p>Proizvodni proces, od ideje do realizacije, u potpunosti je tehnolo\u0161ki moderniziran. Po\u0161tuju\u0107i visoke norme kvalitete i koriste\u0107i najsuvremenije alate renomiranih proizvo\u0111a\u010da, osiguravamo Vam izvedbu koja \u0107e svojom kvalitetom i dizajnom, ne samo plijeniti pa\u017enju, ve\u0107 dugi niz godina slu\u017eiti svrsi, odolijevaju\u0107i svim vanjskim utjecajima.<\/p><p><strong>RADOVE IZVODIMO PREMA:<\/strong> <br \/>NACRTNOM PROJEKTU, SKICI, VLASTITOM MJERENJU I PO SAMOJ \u017dELJI I DOGOVORU SA KUPCEM-NARU\u010cIOCEM RADOVA MATERIJAL NABAVLJAMO ISKLJU\u010cIVO PREKO RENOMIRANIH HRVATSKIH DISTRIBUTERA.<\/p>            <\/div>\r\n            <div class=\"row mb-30\">\r\n                <div class=\"col-md-6\">\r\n                    <div class=\"image\">\r\n                        <img decoding=\"async\" width=\"260\" height=\"221\" src=\"https:\/\/mestrija.simpledev.live\/wp-content\/uploads\/2025\/09\/zavarivanje.jpg\" class=\"attachment-full size-full\" alt=\"\" \/>                    <\/div>\r\n                <\/div>\r\n                <div class=\"col-md-6\">\r\n                    <div class=\"image\">\r\n                        <img decoding=\"async\" width=\"280\" height=\"223\" src=\"https:\/\/mestrija.simpledev.live\/wp-content\/uploads\/2025\/09\/inoxcijevi.jpg\" class=\"attachment-full size-full\" alt=\"\" \/>                    <\/div>\r\n                <\/div>\r\n            <\/div>\r\n            <div class=\"service-benifit\">\r\n                <div class=\"row align-items-center\">\r\n                    <div class=\"col-lg-8\">\r\n                        <h3><\/h3>\r\n                        <div class=\"text\"><p>SPECIJALIZIRALI SMO SE ZA IZRADU INOX KONSTRUKCIJA KAO \u0160TO SU INOX:<\/p><ul><li><span style=\"color: #632423;\">ograde<\/span><\/li><li><span style=\"color: #632423;\">stepenice<\/span><\/li><li><span style=\"color: #632423;\">rukohvati<\/span><\/li><li><span style=\"color: #632423;\">vrata(\u0161iber-krilna)<\/span><\/li><li><span style=\"color: #632423;\">poklopaca \u0161ahti \/ re\u0161etaka<\/span><\/li><li><span style=\"color: #632423;\">pergola-barasa<\/span><\/li><li><span style=\"color: #632423;\">opreme za brodice-glisere (\u0161kalice, rezervari, bimini tende, \u0161piruni, platformi, bitva, jarbola ....)<\/span><\/li><li><span style=\"color: #632423;\">i\u00a0ostale sitne INOX galanterije<\/span><\/li><\/ul><\/div>\r\n                    <\/div>\r\n                    <div class=\"col-lg-4\">\r\n                                                    <div class=\"icon-box\">\r\n                                <div class=\"icon\"><i aria-hidden=\"true\" class=\" flaticon-welder\"><\/i><\/div>\r\n                                <h4>Varenje <br> INOX-a<\/h4>\r\n                            <\/div>\r\n                                                    <div class=\"icon-box\">\r\n                                <div class=\"icon\"><i aria-hidden=\"true\" class=\" flaticon-welder\"><\/i><\/div>\r\n                                <h4>Varenje <br> \u017eeljeza<\/h4>\r\n                            <\/div>\r\n                                                    <div class=\"icon-box\">\r\n                                <div class=\"icon\"><i aria-hidden=\"true\" class=\" flaticon-welder\"><\/i><\/div>\r\n                                <h4>Varenje <br> aluminija<\/h4>\r\n                            <\/div>\r\n                                            <\/div>\r\n                <\/div>\r\n            <\/div>\r\n        <\/div>\r\n\t\t\t\t<\/div>\n\t\t\t\t<\/div>\n\t\t\t\t\t<\/div>\n\t\t<\/div>\n\t\t\t\t\t<\/div>\n\t\t<\/section>\n\t\t\t\t<\/div>\n\t\t","protected":false},"excerpt":{"rendered":"<p>PROIZVODI I USLUGE Proizvodni proces, od ideje do realizacije, u potpunosti je tehnolo\u0161ki moderniziran. Po\u0161tuju\u0107i visoke norme kvalitete i koriste\u0107i najsuvremenije alate renomiranih proizvo\u0111a\u010da, osiguravamo Vam izvedbu koja \u0107e svojom kvalitetom i dizajnom, ne samo plijeniti pa\u017enju, ve\u0107 dugi niz godina slu\u017eiti svrsi, odolijevaju\u0107i svim vanjskim utjecajima. RADOVE IZVODIMO PREMA: NACRTNOM PROJEKTU, SKICI, VLASTITOM MJERENJU [&hellip;]<\/p>\n","protected":false},"author":1,"featured_media":30,"parent":0,"menu_order":0,"comment_status":"closed","ping_status":"closed","template":"","meta":{"footnotes":""},"class_list":["post-590","page","type-page","status-publish","has-post-thumbnail","hentry"],"_links":{"self":[{"href":"https:\/\/mestrija.simpledev.live\/index.php?rest_route=\/wp\/v2\/pages\/590","targetHints":{"allow":["GET"]}}],"collection":[{"href":"https:\/\/mestrija.simpledev.live\/index.php?rest_route=\/wp\/v2\/pages"}],"about":[{"href":"https:\/\/mestrija.simpledev.live\/index.php?rest_route=\/wp\/v2\/types\/page"}],"author":[{"embeddable":true,"href":"https:\/\/mestrija.simpledev.live\/index.php?rest_route=\/wp\/v2\/users\/1"}],"replies":[{"embeddable":true,"href":"https:\/\/mestrija.simpledev.live\/index.php?rest_route=%2Fwp%2Fv2%2Fcomments&post=590"}],"version-history":[{"count":7,"href":"https:\/\/mestrija.simpledev.live\/index.php?rest_route=\/wp\/v2\/pages\/590\/revisions"}],"predecessor-version":[{"id":4372,"href":"https:\/\/mestrija.simpledev.live\/index.php?rest_route=\/wp\/v2\/pages\/590\/revisions\/4372"}],"wp:featuredmedia":[{"embeddable":true,"href":"https:\/\/mestrija.simpledev.live\/index.php?rest_route=\/wp\/v2\/media\/30"}],"wp:attachment":[{"href":"https:\/\/mestrija.simpledev.live\/index.php?rest_route=%2Fwp%2Fv2%2Fmedia&parent=590"}],"curies":[{"name":"wp","href":"https:\/\/api.w.org\/{rel}","templated":true}]}}