{"id":39,"date":"2021-04-13T11:05:16","date_gmt":"2021-04-13T11:05:16","guid":{"rendered":"https:\/\/mestrija.simpledev.live?page_id=39"},"modified":"2025-09-29T08:09:26","modified_gmt":"2025-09-29T08:09:26","slug":"o-nama","status":"publish","type":"page","link":"https:\/\/mestrija.simpledev.live\/?page_id=39","title":{"rendered":"O nama"},"content":{"rendered":"\t\t<div data-elementor-type=\"wp-page\" data-elementor-id=\"39\" class=\"elementor elementor-39\">\n\t\t\t\t\t\t<section class=\"elementor-section elementor-top-section elementor-element elementor-element-82f660c elementor-section-full_width elementor-section-height-default elementor-section-height-default\" data-id=\"82f660c\" data-element_type=\"section\">\n\t\t\t\t\t\t<div class=\"elementor-container elementor-column-gap-no\">\n\t\t\t\t\t<div class=\"elementor-column elementor-col-100 elementor-top-column elementor-element elementor-element-c9c658d\" data-id=\"c9c658d\" data-element_type=\"column\">\n\t\t\t<div class=\"elementor-widget-wrap elementor-element-populated\">\n\t\t\t\t\t\t<div class=\"elementor-element elementor-element-e0edf58 elementor-widget elementor-widget-welcome_section\" data-id=\"e0edf58\" data-element_type=\"widget\" data-widget_type=\"welcome_section.default\">\n\t\t\t\t<div class=\"elementor-widget-container\">\n\t\t\t\t\t\t\t\t<section class=\"welcome-section-two\">\r\n\t\t\t\t<div class=\"side-image\" style=\"background-image: url(https:\/\/mestrija.simpledev.live\/wp-content\/uploads\/2021\/04\/image-8.jpg)\"><\/div>\r\n\t\t\t\t<div class=\"auto-container\">\r\n\t\t\t\t\t<div class=\"row\">\r\n\t\t\t\t\t\t<div class=\"col-lg-6\">\r\n\t\t\t\t\t\t\t<div class=\"image-wrapper\">\r\n\t\t\t\t\t\t\t\t<div class=\"image-one\">\r\n\t\t\t\t\t\t\t\t\t\t\t\t\t\t\t\t\t<\/div>\r\n\t\t\t\t\t\t\t<\/div>\r\n\t\t\t\t\t\t<\/div>\r\n\t\t\t\t\t\t<div class=\"col-lg-6\">\r\n\t\t\t\t\t\t\t<div class=\"content-side\">\r\n\t\t\t\t\t\t\t\t<div class=\"sec-title mb-5\">\r\n\t\t\t\t\t\t\t\t\t<div class=\"sub-title\">Kratka povijest Me\u0161trije<\/div>\r\n\t\t\t\t\t\t\t\t\t<h2 class=\"mb-30\">Me\u0161trija Krk<\/h2>\r\n\t\t\t\t\t\t\t\t<\/div>\r\n\t\t\t\t\t\t\t\t<div class=\"text \"><p>BRAVARSKI JE OBRT OSNOVAN 1995.GODINE NA OTOKU KRKU U MALOJ PRIVATNOJ GARA\u017dI SA CILJEM I IDEJOM DA SVE ONO \u0160TO NE MO\u017dETE SAMI ILI NE STIGNETE MI \u0106EMO NAPRAVITI ZA VAS.<\/p>\n\n<p>OBRT JO\u0160 I DAN DANAS NAPREDUJE SA ISTIM CILJEM I IDEJOM U VLASNI\u0160TVU  Vedrana Hr\u017ei\u0107a.\nDAKLE, SVE JE OSTALO ISTO OSIM \u0160TO SA UPORNIM RADOM, KVALITETOM OBRADE, BRZINOM IZRADE,VISOKOM PRECIZNO\u0160\u0106U I UREDNOSTI  NA\u0160EG MLADOG STRU\u010cNOG TIMA BEZ KOJEG NEBI BILO USPJEHA DANAS MO\u017dEMO PONUDITI VRHUNSKU KVALITETU USLUGE NA KOJU SE NA\u0160I KUPCI-NARU\u010cIOCI MOGU OSLONITI\nSVE TO IPAK NEBI BILO MOGU\u0106E U MALOJ GARA\u017dI ZATO DANAS RASPOLA\u017dEMO SA VE\u0106IM POSLOVNIM PROSTOROM U KOJEG SMO USELILI 2000.GODINE I OD TADA RASPOLA\u017dEMO SA NEKIH 300 m<sup>2<\/sup>  \u0160TO SKLADI\u0160NOG \u0160TO RADNOG PROSTORA, MODERNIJIM STROJEVIMA I ALATOM I MALIM VOZNIM PARKOM  U INDUSTRIJSKOJ ZONI GRADA KRKA<\/>\n\n<p>REGISTRIRANI SMO KAO OBRT ZA IZRADU METALNIH KONSTRUKCIJA I NJIHOVIH DJELOVA (od \u017eeljeza i INOX-a). SPECIJALIZIRALI SMO SE ZA IZRADU INOX KONSTRUKCIJA,VARIMO I ELEMENTE OD ALUMINIJA<\/p>\n\n<p>RADOVE IZVODIMO PREMA: NACRTNOM PROJEKTU, SKICI, VLASTITOM MJERENJU I PO SAMOJ \u017dELJI I DOGOVORU SA KUPCEM-NARU\u010cIOCEM RADOVA\nMATERIJAL NABAVLJAMO ISKLJU\u010cIVO PREKO RENOMIRANIH HRVATSKIH DISTRIBUTERA.<\/p>\n\n<p>DO DANAS IZA SEBE IMAMO VELIK BROJ ZADOVOLJNIH KUPACA-NARU\u010cIOCA KOJI SU NAM UKAZALI POVJERENJE U IZRADI BRAVARSKIH RADOVA NA PRIVATNIM I POSLOVNIM OBJEKTIMA, JAVNIM POVR\u0160INAMA I SKUPOCIJENIM PLOVILIMA.<\/p>\n\nSTOJIMO VAM NA RASPOLAGANJU UKOLIKO IMATE POTREBE ZA IZRADOM INOX GALANTERIJE I NARAVNO ZA SVE OSTALE BRAVARSKE RADOVE OBRATITE NAM SE SA PUNIM POVJERENJEM.\n\nHVALA NA POVJERENJU, ME\u0160TRIJA-KRK !<\/div>\r\n\t\t\t\t\t\t\t\t<div class=\"bottom-content\">\r\n\t\t\t\t\t\t\t\t\t<div class=\"experience-years \">\r\n\t\t\t\t\t\t\t\t\t\t<div class=\"icon\"><i aria-hidden=\"true\" class=\" flaticon-weld\"><\/i><\/div>\r\n\t\t\t\t\t\t\t\t\t\t<h4>Vi\u0161e od 30 godina <br> iskustva<\/h4>\r\n\t\t\t\t\t\t\t\t\t<\/div>\r\n\t\t\t\t\t\t\t\t\t<div class=\"progress-levels\">\r\n\t\t\t\t\t\t\t\t\t\t<!--Skill Box-->\r\n\t\t\t\t\t\t\t\t\t\t\t\t\t\t\t\t\t\t\t\t\t<div class=\"progress-box\">\r\n\t\t\t\t\t\t\t\t\t\t\t\t<h5>Varenje INOX-a<\/h5>\r\n\t\t\t\t\t\t\t\t\t\t\t\t<div class=\"inner\">\r\n\t\t\t\t\t\t\t\t\t\t\t\t\t<div class=\"bar\">\r\n\t\t\t\t\t\t\t\t\t\t\t\t\t\t<div class=\"bar-innner\">\r\n\t\t\t\t\t\t\t\t\t\t\t\t\t\t\t<div class=\"bar-fill\" data-percent=\"100\">\r\n\t\t\t\t\t\t\t\t\t\t\t\t\t\t\t\t<div class=\"percent\"><\/div>\r\n\t\t\t\t\t\t\t\t\t\t\t\t\t\t\t<\/div>\r\n\t\t\t\t\t\t\t\t\t\t\t\t\t\t<\/div>\r\n\t\t\t\t\t\t\t\t\t\t\t\t\t<\/div>\r\n\t\t\t\t\t\t\t\t\t\t\t\t<\/div>\r\n\t\t\t\t\t\t\t\t\t\t\t<\/div>\r\n\t\t\t\t\t\t\t\t\t\t\t\t\t\t\t\t\t\t\t\t\t<div class=\"progress-box\">\r\n\t\t\t\t\t\t\t\t\t\t\t\t<h5>Varenje \u017eeljeza<\/h5>\r\n\t\t\t\t\t\t\t\t\t\t\t\t<div class=\"inner\">\r\n\t\t\t\t\t\t\t\t\t\t\t\t\t<div class=\"bar\">\r\n\t\t\t\t\t\t\t\t\t\t\t\t\t\t<div class=\"bar-innner\">\r\n\t\t\t\t\t\t\t\t\t\t\t\t\t\t\t<div class=\"bar-fill\" data-percent=\"100\">\r\n\t\t\t\t\t\t\t\t\t\t\t\t\t\t\t\t<div class=\"percent\"><\/div>\r\n\t\t\t\t\t\t\t\t\t\t\t\t\t\t\t<\/div>\r\n\t\t\t\t\t\t\t\t\t\t\t\t\t\t<\/div>\r\n\t\t\t\t\t\t\t\t\t\t\t\t\t<\/div>\r\n\t\t\t\t\t\t\t\t\t\t\t\t<\/div>\r\n\t\t\t\t\t\t\t\t\t\t\t<\/div>\r\n\t\t\t\t\t\t\t\t\t\t\t\t\t\t\t\t\t\t\t\t\t<div class=\"progress-box\">\r\n\t\t\t\t\t\t\t\t\t\t\t\t<h5>Varenje aluminija<\/h5>\r\n\t\t\t\t\t\t\t\t\t\t\t\t<div class=\"inner\">\r\n\t\t\t\t\t\t\t\t\t\t\t\t\t<div class=\"bar\">\r\n\t\t\t\t\t\t\t\t\t\t\t\t\t\t<div class=\"bar-innner\">\r\n\t\t\t\t\t\t\t\t\t\t\t\t\t\t\t<div class=\"bar-fill\" data-percent=\"100\">\r\n\t\t\t\t\t\t\t\t\t\t\t\t\t\t\t\t<div class=\"percent\"><\/div>\r\n\t\t\t\t\t\t\t\t\t\t\t\t\t\t\t<\/div>\r\n\t\t\t\t\t\t\t\t\t\t\t\t\t\t<\/div>\r\n\t\t\t\t\t\t\t\t\t\t\t\t\t<\/div>\r\n\t\t\t\t\t\t\t\t\t\t\t\t<\/div>\r\n\t\t\t\t\t\t\t\t\t\t\t<\/div>\r\n\t\t\t\t\t\t\t\t\t\t\t\t\t\t\t\t\t\t\t\t<!--Skill Box-->\r\n\t\t\t\t\t\t\t\t\t<\/div>\r\n\t\t\t\t\t\t\t\t\t<ul class=\"list \">\r\n\t\t\t\t\t\t\t\t\t\t<li>Izrada projekta<\/li>\n<li>Izrada prema projektu<\/li>\t\t\t\t\t\t\t\t\t<\/ul>\r\n\t\t\t\t\t\t\t\t\t<div class=\"link\">\r\n\t\t\t\t\t\t\t\t\t\t<a href=\"https:\/\/mestrija.simpledev.live\/?page_id=4221\" class=\"theme-btn btn-style-one\"><span>Po\u0161aljite upit<\/span><\/a>\r\n\t\t\t\t\t\t\t\t\t<\/div>\r\n\t\t\t\t\t\t\t\t<\/div>\r\n\t\t\t\t\t\t\t<\/div>\r\n\t\t\t\t\t\t<\/div>\r\n\t\t\t\t\t<\/div>\r\n\t\t\t\t<\/div>\r\n\t\t\t<\/section>\r\n\t\t\t\t\t\t<\/div>\n\t\t\t\t<\/div>\n\t\t\t\t\t<\/div>\n\t\t<\/div>\n\t\t\t\t\t<\/div>\n\t\t<\/section>\n\t\t\t\t<section class=\"elementor-section elementor-top-section elementor-element elementor-element-2aa61e4 elementor-section-full_width elementor-section-height-default elementor-section-height-default\" data-id=\"2aa61e4\" data-element_type=\"section\">\n\t\t\t\t\t\t<div class=\"elementor-container elementor-column-gap-no\">\n\t\t\t\t\t<div class=\"elementor-column elementor-col-100 elementor-top-column elementor-element elementor-element-77303fe\" data-id=\"77303fe\" data-element_type=\"column\">\n\t\t\t<div class=\"elementor-widget-wrap elementor-element-populated\">\n\t\t\t\t\t\t<div class=\"elementor-element elementor-element-019d1d8 elementor-widget elementor-widget-our_team\" data-id=\"019d1d8\" data-element_type=\"widget\" data-widget_type=\"our_team.default\">\n\t\t\t\t<div class=\"elementor-widget-container\">\n\t\t\t\t\t\t\t\t<section class=\"team-section\">\r\n\t\t\t\t<div class=\"auto-container\">\r\n\t\t\t\t\t<div class=\"sec-title text-center\">\r\n\t\t\t\t\t\t<div class=\"sub-title\">Na\u0161e usluge<\/div>\r\n\t\t\t\t\t\t<h2>Primjeri radova<\/h2>\r\n\t\t\t\t\t<\/div>\r\n\t\t\t\t\t<div class=\"row\">\r\n\t\t\t\t\t\t\t\t\t\t\t\t\t<div class=\"col-lg-4 col-md-6 team-block\">\r\n\t\t\t\t\t\t\t\t<div class=\"inner-box \">\r\n\t\t\t\t\t\t\t\t\t<div class=\"image\">\r\n\t\t\t\t\t\t\t\t\t\t\t\t\t\t\t\t\t\t\t\t\t<img decoding=\"async\" src=\"https:\/\/mestrija.simpledev.live\/wp-content\/uploads\/2025\/09\/1.png\" alt=\"\">\r\n\t\t\t\t\t\t\t\t\t\t\t\t\t\t\t\t\t\t\t<\/div>\r\n\t\t\t\t\t\t\t\t\t<div class=\"content\">\r\n\t\t\t\t\t\t\t\t\t\t<h4>INOX ograda<\/h4>\r\n\t\t\t\t\t\t\t\t\t\t<div class=\"designation\">UNUTARNJA<\/div>\r\n\t\t\t\t\t\t\t\t\t\t<ul class=\"social-icon\">\r\n\t\t\t\t\t\t\t\t\t\t\t\t\t\t\t\t\t\t\t\t\t<\/ul>\r\n\t\t\t\t\t\t\t\t\t<\/div>\r\n\t\t\t\t\t\t\t\t<\/div>\r\n\t\t\t\t\t\t\t<\/div>\r\n\t\t\t\t\t\t\t\t\t\t\t\t\t<div class=\"col-lg-4 col-md-6 team-block\">\r\n\t\t\t\t\t\t\t\t<div class=\"inner-box \">\r\n\t\t\t\t\t\t\t\t\t<div class=\"image\">\r\n\t\t\t\t\t\t\t\t\t\t\t\t\t\t\t\t\t\t\t\t\t<img decoding=\"async\" src=\"https:\/\/mestrija.simpledev.live\/wp-content\/uploads\/2025\/09\/2.png\" alt=\"\">\r\n\t\t\t\t\t\t\t\t\t\t\t\t\t\t\t\t\t\t\t<\/div>\r\n\t\t\t\t\t\t\t\t\t<div class=\"content\">\r\n\t\t\t\t\t\t\t\t\t\t<h4>INOX ograda<\/h4>\r\n\t\t\t\t\t\t\t\t\t\t<div class=\"designation\">VANJSKA<\/div>\r\n\t\t\t\t\t\t\t\t\t\t<ul class=\"social-icon\">\r\n\t\t\t\t\t\t\t\t\t\t\t\t\t\t\t\t\t\t\t\t\t<\/ul>\r\n\t\t\t\t\t\t\t\t\t<\/div>\r\n\t\t\t\t\t\t\t\t<\/div>\r\n\t\t\t\t\t\t\t<\/div>\r\n\t\t\t\t\t\t\t\t\t\t\t\t\t<div class=\"col-lg-4 col-md-6 team-block\">\r\n\t\t\t\t\t\t\t\t<div class=\"inner-box \">\r\n\t\t\t\t\t\t\t\t\t<div class=\"image\">\r\n\t\t\t\t\t\t\t\t\t\t\t\t\t\t\t\t\t\t\t\t\t<img decoding=\"async\" src=\"https:\/\/mestrija.simpledev.live\/wp-content\/uploads\/2025\/09\/3.png\" alt=\"\">\r\n\t\t\t\t\t\t\t\t\t\t\t\t\t\t\t\t\t\t\t<\/div>\r\n\t\t\t\t\t\t\t\t\t<div class=\"content\">\r\n\t\t\t\t\t\t\t\t\t\t<h4>INOX ograda<\/h4>\r\n\t\t\t\t\t\t\t\t\t\t<div class=\"designation\">VANJSKA<\/div>\r\n\t\t\t\t\t\t\t\t\t\t<ul class=\"social-icon\">\r\n\t\t\t\t\t\t\t\t\t\t\t\t\t\t\t\t\t\t\t\t\t<\/ul>\r\n\t\t\t\t\t\t\t\t\t<\/div>\r\n\t\t\t\t\t\t\t\t<\/div>\r\n\t\t\t\t\t\t\t<\/div>\r\n\t\t\t\t\t\t\t\t\t\t\t\t\t<div class=\"col-lg-4 col-md-6 team-block\">\r\n\t\t\t\t\t\t\t\t<div class=\"inner-box \">\r\n\t\t\t\t\t\t\t\t\t<div class=\"image\">\r\n\t\t\t\t\t\t\t\t\t\t\t\t\t\t\t\t\t\t\t\t\t<img decoding=\"async\" src=\"https:\/\/mestrija.simpledev.live\/wp-content\/uploads\/2025\/09\/4.png\" alt=\"\">\r\n\t\t\t\t\t\t\t\t\t\t\t\t\t\t\t\t\t\t\t<\/div>\r\n\t\t\t\t\t\t\t\t\t<div class=\"content\">\r\n\t\t\t\t\t\t\t\t\t\t<h4>INOX vrata<\/h4>\r\n\t\t\t\t\t\t\t\t\t\t<div class=\"designation\">VANJSKA<\/div>\r\n\t\t\t\t\t\t\t\t\t\t<ul class=\"social-icon\">\r\n\t\t\t\t\t\t\t\t\t\t\t\t\t\t\t\t\t\t\t\t\t<\/ul>\r\n\t\t\t\t\t\t\t\t\t<\/div>\r\n\t\t\t\t\t\t\t\t<\/div>\r\n\t\t\t\t\t\t\t<\/div>\r\n\t\t\t\t\t\t\t\t\t\t\t\t\t<div class=\"col-lg-4 col-md-6 team-block\">\r\n\t\t\t\t\t\t\t\t<div class=\"inner-box \">\r\n\t\t\t\t\t\t\t\t\t<div class=\"image\">\r\n\t\t\t\t\t\t\t\t\t\t\t\t\t\t\t\t\t\t\t\t\t<img decoding=\"async\" src=\"https:\/\/mestrija.simpledev.live\/wp-content\/uploads\/2025\/09\/5.png\" alt=\"\">\r\n\t\t\t\t\t\t\t\t\t\t\t\t\t\t\t\t\t\t\t<\/div>\r\n\t\t\t\t\t\t\t\t\t<div class=\"content\">\r\n\t\t\t\t\t\t\t\t\t\t<h4>INOX OGRADA<\/h4>\r\n\t\t\t\t\t\t\t\t\t\t<div class=\"designation\">KRU\u017dNO STUBI\u0160TE<\/div>\r\n\t\t\t\t\t\t\t\t\t\t<ul class=\"social-icon\">\r\n\t\t\t\t\t\t\t\t\t\t\t\t\t\t\t\t\t\t\t\t\t<\/ul>\r\n\t\t\t\t\t\t\t\t\t<\/div>\r\n\t\t\t\t\t\t\t\t<\/div>\r\n\t\t\t\t\t\t\t<\/div>\r\n\t\t\t\t\t\t\t\t\t\t\t\t\t<div class=\"col-lg-4 col-md-6 team-block\">\r\n\t\t\t\t\t\t\t\t<div class=\"inner-box \">\r\n\t\t\t\t\t\t\t\t\t<div class=\"image\">\r\n\t\t\t\t\t\t\t\t\t\t\t\t\t\t\t\t\t\t\t\t\t<img decoding=\"async\" src=\"https:\/\/mestrija.simpledev.live\/wp-content\/uploads\/2025\/09\/6.png\" alt=\"\">\r\n\t\t\t\t\t\t\t\t\t\t\t\t\t\t\t\t\t\t\t<\/div>\r\n\t\t\t\t\t\t\t\t\t<div class=\"content\">\r\n\t\t\t\t\t\t\t\t\t\t<h4>INOX ograda<\/h4>\r\n\t\t\t\t\t\t\t\t\t\t<div class=\"designation\">VANJSKA STAKLO<\/div>\r\n\t\t\t\t\t\t\t\t\t\t<ul class=\"social-icon\">\r\n\t\t\t\t\t\t\t\t\t\t\t\t\t\t\t\t\t\t\t\t\t<\/ul>\r\n\t\t\t\t\t\t\t\t\t<\/div>\r\n\t\t\t\t\t\t\t\t<\/div>\r\n\t\t\t\t\t\t\t<\/div>\r\n\t\t\t\t\t\t\t\t\t\t\t<\/div>\r\n\t\t\t\t<\/div>\r\n\t\t\t<\/section>\r\n\t\t\t\t<\/div>\n\t\t\t\t<\/div>\n\t\t\t\t<div class=\"elementor-element elementor-element-a2e9ec0 elementor-widget elementor-widget-cta\" data-id=\"a2e9ec0\" data-element_type=\"widget\" data-widget_type=\"cta.default\">\n\t\t\t\t<div class=\"elementor-widget-container\">\n\t\t\t\t\t\t\t<section class=\"cta-section\">\r\n\t\t\t<div class=\"auto-container\">\r\n\t\t\t\t<div class=\"wrapper-box\">\r\n\t\t\t\t\t<h3>Tra\u017eite kvalitetnog <br>izvo\u0111a\u010da?<\/h3>\r\n\t\t\t\t\t<div class=\"link \">\r\n\t\t\t\t\t\t<a href=\"https:\/\/mestrija.simpledev.live\/?page_id=4221\"   class=\"theme-btn btn-style-one\"><span>Po\u0161aljite upit<\/span><\/a>\r\n\t\t\t\t\t<\/div>\r\n\t\t\t\t<\/div>\r\n\t\t\t<\/div>\r\n\t\t<\/section>\r\n\t\t\t\t<\/div>\n\t\t\t\t<\/div>\n\t\t\t\t\t<\/div>\n\t\t<\/div>\n\t\t\t\t\t<\/div>\n\t\t<\/section>\n\t\t\t\t<\/div>\n\t\t","protected":false},"excerpt":{"rendered":"<p>Kratka povijest Me\u0161trije Me\u0161trija Krk BRAVARSKI JE OBRT OSNOVAN 1995.GODINE NA OTOKU KRKU U MALOJ PRIVATNOJ GARA\u017dI SA CILJEM I IDEJOM DA SVE ONO \u0160TO NE MO\u017dETE SAMI ILI NE STIGNETE MI \u0106EMO NAPRAVITI ZA VAS. OBRT JO\u0160 I DAN DANAS NAPREDUJE SA ISTIM CILJEM I IDEJOM U VLASNI\u0160TVU Vedrana Hr\u017ei\u0107a. DAKLE, SVE JE OSTALO [&hellip;]<\/p>\n","protected":false},"author":1,"featured_media":30,"parent":0,"menu_order":0,"comment_status":"closed","ping_status":"closed","template":"elementor_header_footer","meta":{"footnotes":""},"class_list":["post-39","page","type-page","status-publish","has-post-thumbnail","hentry"],"_links":{"self":[{"href":"https:\/\/mestrija.simpledev.live\/index.php?rest_route=\/wp\/v2\/pages\/39","targetHints":{"allow":["GET"]}}],"collection":[{"href":"https:\/\/mestrija.simpledev.live\/index.php?rest_route=\/wp\/v2\/pages"}],"about":[{"href":"https:\/\/mestrija.simpledev.live\/index.php?rest_route=\/wp\/v2\/types\/page"}],"author":[{"embeddable":true,"href":"https:\/\/mestrija.simpledev.live\/index.php?rest_route=\/wp\/v2\/users\/1"}],"replies":[{"embeddable":true,"href":"https:\/\/mestrija.simpledev.live\/index.php?rest_route=%2Fwp%2Fv2%2Fcomments&post=39"}],"version-history":[{"count":26,"href":"https:\/\/mestrija.simpledev.live\/index.php?rest_route=\/wp\/v2\/pages\/39\/revisions"}],"predecessor-version":[{"id":4361,"href":"https:\/\/mestrija.simpledev.live\/index.php?rest_route=\/wp\/v2\/pages\/39\/revisions\/4361"}],"wp:featuredmedia":[{"embeddable":true,"href":"https:\/\/mestrija.simpledev.live\/index.php?rest_route=\/wp\/v2\/media\/30"}],"wp:attachment":[{"href":"https:\/\/mestrija.simpledev.live\/index.php?rest_route=%2Fwp%2Fv2%2Fmedia&parent=39"}],"curies":[{"name":"wp","href":"https:\/\/api.w.org\/{rel}","templated":true}]}}